{"id":2305,"date":"2024-05-06T19:25:18","date_gmt":"2024-05-06T17:25:18","guid":{"rendered":"https:\/\/fediverset.dk\/?page_id=2305"},"modified":"2026-02-01T04:55:54","modified_gmt":"2026-02-01T03:55:54","slug":"om-sitet","status":"publish","type":"page","link":"https:\/\/fediverset.dk\/en\/om-sitet\/","title":{"rendered":"Om sitet"},"content":{"rendered":"<p>Fediverset.dk er et uafh\u00e6ngigt, danskproduceret f\u00e6llesskabssite for dig, som er interesseret i det globale netv\u00e6rk af \u00e5bne sociale medier og websites, der g\u00e5r under en samlet betegnelse kaldes <a href=\"https:\/\/fediverset.dk\/en\/ny-nyheder\/\" target=\"_blank\" rel=\"noopener\">\u201cThe Fediverse\u201d<\/a>.<\/p>\r\n<p>Vi formidler sp\u00e6ndende stof, og fors\u00f8ger at skabe et overblik i nogle af de ting, der foreg\u00e5r b\u00e5de i den danske og den udenlandske del af fediverset.<\/p>\r\n<p>Fediversets profil findes i The Fediverse p\u00e5 <a href=\"https:\/\/fediverset.dk\/en\/@social\/\">@social@fediverset.dk<\/a> \u2013 hvis du f\u00f8lger os, kan du f\u00e5 artikel- og nyhedsopdateringer direkte i dit feed. Du har ogs\u00e5 mulighed for at f\u00e5 opdateringer i din RSS-l\u00e6ser via https:\/\/fediverset.dk\/feed<\/p>\r\n<!-- \/wp:post-content -->\r\n\r\n<!-- wp:heading {\"level\":3} -->\r\n<h2>Hvem driver Fediverset.dk?<\/h2>\r\n<p>Sitet drives p\u00e5 hobbyniveau af Simon Justesen, som har arbejdet med internettet og IT-udvikling i forskellige konstellationer i mere end 25 \u00e5r. Han er tosset med Open Source, og dr\u00f8mmer sig tilbage til det mangfoldige \u00e5bne internet, der fandtes engang da internettet var nyt herhjemme, f\u00f8r techgiganterne delte nettet imellem sig. Den mangfoldighed skal vi have tilbage igen. <br \/><br \/>Fediverset.dk driver for nuv\u00e6rende ikke selv Fedivers-instanser. Vi arbejder p\u00e5 at etablere egne udviklingsprojekter, der har til form\u00e5l at fremme et \u00e5bent og leverand\u00f8ruafh\u00e6ngigt internet.<\/p>\r\n<h2>Kontakt<\/h2>\r\n<p>Email: simon (snabel-a) fediverset.dk \u2013 og du kan altid finde mig p\u00e5 fedivers-id @simonjust@<a href=\"https:\/\/mstdn.dk\/@simonjust\">mstdn.dk<\/a>.<br \/><br \/><\/p>\r\n<h3><!-- \/wp:heading -->\r\n\r\n<!-- wp:heading {\"level\":3} \/-->\r\n\r\n<!-- wp:paragraph \/--><\/h3>","protected":false},"excerpt":{"rendered":"<p>Fediverset.dk er et uafh\u00e6ngigt, danskproduceret f\u00e6llesskabssite for dig, som er interesseret i det globale netv\u00e6rk af \u00e5bne sociale medier og websites, der g\u00e5r under en &hellip; <\/p>","protected":false},"author":1,"featured_media":0,"parent":0,"menu_order":0,"comment_status":"closed","ping_status":"closed","template":"","meta":{"_acf_changed":false,"footnotes":""},"class_list":["post-2305","page","type-page","status-publish","hentry"],"acf":[],"_links":{"self":[{"href":"https:\/\/fediverset.dk\/en\/wp-json\/wp\/v2\/pages\/2305","targetHints":{"allow":["GET"]}}],"collection":[{"href":"https:\/\/fediverset.dk\/en\/wp-json\/wp\/v2\/pages"}],"about":[{"href":"https:\/\/fediverset.dk\/en\/wp-json\/wp\/v2\/types\/page"}],"author":[{"embeddable":true,"href":"https:\/\/fediverset.dk\/en\/wp-json\/wp\/v2\/users\/1"}],"replies":[{"embeddable":true,"href":"https:\/\/fediverset.dk\/en\/wp-json\/wp\/v2\/comments?post=2305"}],"version-history":[{"count":3,"href":"https:\/\/fediverset.dk\/en\/wp-json\/wp\/v2\/pages\/2305\/revisions"}],"predecessor-version":[{"id":52800,"href":"https:\/\/fediverset.dk\/en\/wp-json\/wp\/v2\/pages\/2305\/revisions\/52800"}],"wp:attachment":[{"href":"https:\/\/fediverset.dk\/en\/wp-json\/wp\/v2\/media?parent=2305"}],"curies":[{"name":"wp","href":"https:\/\/api.w.org\/{rel}","templated":true}]}}