{"id":2600,"date":"2024-05-10T14:30:15","date_gmt":"2024-05-10T12:30:15","guid":{"rendered":"https:\/\/fediverset.dk\/?page_id=2600"},"modified":"2026-02-02T01:06:04","modified_gmt":"2026-02-02T00:06:04","slug":"danmark-paa-fediverset","status":"publish","type":"page","link":"https:\/\/fediverset.dk\/en\/the-fediverse\/danmark-paa-fediverset\/","title":{"rendered":"Danmark p\u00e5 Fediverset"},"content":{"rendered":"<p>Den danske del af Fediverset har en god m\u00e6ngde hyggelige indbyggere, og nye webtjenester tilf\u00f8jes j\u00e6vnligt. Her kan du finde inspiration til din videre f\u00e6rd:<\/p>\n<h2>Find en server<\/h2>\n<div class=\"listing\">\n<div class=\"list-entry\"><a href=\"https:\/\/fedi.dk\/Danske%20instanser.html\" target=\"_blank\" rel=\"noopener\">Fedi.dk<\/a><br \/>\n&#8211; vedligeholder en liste over danske fedi-servere<\/div>\n<div class=\"list-entry\"><a href=\"\/en\/serverliste\/\" target=\"_blank\" rel=\"noopener\">Fediverset.dks oversigt<\/a><br \/>\n&#8211; vores egen oversigt over servere i den danske del af The Fediverse<\/div>\n<div class=\"list-entry\"><a href=\"https:\/\/www.it-blogger.dk\/oversigt-over-danske-mastodon-servere\/\" target=\"_blank\" rel=\"noopener\">IT-blogger.dk<\/a><br \/>\n&#8211; vedligeholder ogs\u00e5 en liste over danske fedi-servere<\/div>\n<div class=\"list-entry\"><a href=\"https:\/\/joinmastodon.org\/servers\" target=\"_blank\" rel=\"noopener\">Mastodon.socials serverliste<\/a><br \/>\n&#8211; Alle servere p\u00e5 listen er tilmeldt Mastodon Server Covernant<\/div>\n<div class=\"list-entry\"><a href=\"https:\/\/guide.expressional.social\/dk\/servers\/\" target=\"_blank\" rel=\"noopener\">Expressional.socials guide<\/a><br \/>\n&#8211; serverliste med detaljer omkring de enkelte servere. Du kan ogs\u00e5 se om serverne er tilmeldt &#8220;<a href=\"https:\/\/joinmastodon.org\/covenant\" target=\"_blank\" rel=\"noopener\">Mastodon Server Covenant<\/a>&#8220;<\/div>\n<\/div>\n<h2>Guider<\/h2>\n<div class=\"listing\">\n<div class=\"list-entry\"><a href=\"https:\/\/backlog.dk\/tag\/fediverse\/\" target=\"_blank\" rel=\"noopener\">Backlog.dk<\/a><br \/>\n&#8211; artikler om Fediverset<\/div>\n<div class=\"list-entry\"><a href=\"https:\/\/expressional.social\/docs\/\" target=\"_blank\" rel=\"noopener\">Expressional.social<\/a><br \/>\n&#8211; dokumentation af mere teknisk art (engelsk)<\/div>\n<div class=\"list-entry\"><a href=\"https:\/\/www.it-blogger.dk\/?s=fediverse\" target=\"_blank\" rel=\"noopener\">IT-blogger.dk<\/a><br \/>\n&#8211; artikler om Fediverset<\/div>\n<div class=\"list-entry\"><a href=\"https:\/\/www.youtube.com\/watch?v=VmSWPj0T9IQ\">The Fediverse<\/a><br \/>\n&#8211; glimende explainer af Common Craft<\/div>\n<\/div>","protected":false},"excerpt":{"rendered":"<p>Den danske del af Fediverset har en god m\u00e6ngde hyggelige indbyggere, og nye webtjenester tilf\u00f8jes&hellip;<\/p>","protected":false},"author":1,"featured_media":0,"parent":2731,"menu_order":0,"comment_status":"closed","ping_status":"closed","template":"","meta":{"_acf_changed":false,"footnotes":""},"class_list":["post-2600","page","type-page","status-publish","hentry"],"acf":[],"_links":{"self":[{"href":"https:\/\/fediverset.dk\/en\/wp-json\/wp\/v2\/pages\/2600","targetHints":{"allow":["GET"]}}],"collection":[{"href":"https:\/\/fediverset.dk\/en\/wp-json\/wp\/v2\/pages"}],"about":[{"href":"https:\/\/fediverset.dk\/en\/wp-json\/wp\/v2\/types\/page"}],"author":[{"embeddable":true,"href":"https:\/\/fediverset.dk\/en\/wp-json\/wp\/v2\/users\/1"}],"replies":[{"embeddable":true,"href":"https:\/\/fediverset.dk\/en\/wp-json\/wp\/v2\/comments?post=2600"}],"version-history":[{"count":1,"href":"https:\/\/fediverset.dk\/en\/wp-json\/wp\/v2\/pages\/2600\/revisions"}],"predecessor-version":[{"id":52896,"href":"https:\/\/fediverset.dk\/en\/wp-json\/wp\/v2\/pages\/2600\/revisions\/52896"}],"up":[{"embeddable":true,"href":"https:\/\/fediverset.dk\/en\/wp-json\/wp\/v2\/pages\/2731"}],"wp:attachment":[{"href":"https:\/\/fediverset.dk\/en\/wp-json\/wp\/v2\/media?parent=2600"}],"curies":[{"name":"wp","href":"https:\/\/api.w.org\/{rel}","templated":true}]}}