{"id":2731,"date":"2024-05-15T11:02:57","date_gmt":"2024-05-15T09:02:57","guid":{"rendered":"https:\/\/fediverset.dk\/?page_id=2731"},"modified":"2026-02-01T04:57:14","modified_gmt":"2026-02-01T03:57:14","slug":"the-fediverse","status":"publish","type":"page","link":"https:\/\/fediverset.dk\/en\/the-fediverse\/","title":{"rendered":"The Fediverse"},"content":{"rendered":"<p>&#8220;The Fediverse&#8221; (p\u00e5 dansk Fediverset eller F\u00f8diverset) er et verdensomsp\u00e6ndende f\u00e6llesskab af decentrale, \u00e5bne servere, typisk drevet af privatpersoner, og mindre og mellemstore virksomheder. Og jo, det f\u00f8lgende bliver lidt langt og ogs\u00e5 lidt t\u00f8r l\u00e6sning &#8211; men jeg garanterer dig, at det her er internettet, som det burde v\u00e6re!<\/p>\r\n<p>Serverne i Fediverset ben\u00e6vnes ofte ogs\u00e5 som enkeltvis som en &#8220;instance&#8221; eller p\u00e5 dansk en instans. Den st\u00f8rste og mest kendte instans er <a href=\"https:\/\/mastodon.social\">mastodon.social<\/a>. Mastodon er en mikroblogging-tjeneste i stil med Twitter\/X. De fleste oplever Mastodon som \u00e9t website, men Mastodon best\u00e5r i virkeligheden af flere lag bl.a.:<\/p>\r\n<ul>\r\n<li>en grafisk brugerflade, hvor folk kan skrive beskeder til hinanden.<\/li>\r\n<li>serversoftwaren, som driver selve tjenesten, og s\u00f8rger for at sende dine beskeder til dine f\u00f8lgere.<\/li>\r\n<li>mobil- og tabletapps, hvoraf \u00e9n er Mastodons officielle app, mens resten er f\u00e6llesskabsdrevne.<\/li>\r\n<\/ul>\r\n<p>Eftersom serversoftwaren er gratis, og frit tilg\u00e6ngelig kan den installeres p\u00e5 folks egne servere. Det har resulteret i, at <a href=\"https:\/\/mastodon.social\">mastodon.social<\/a> efterh\u00e5nden f\u00e5et en helt masse s\u00f8skendetjenester, ogs\u00e5 her i Danmark. Du kan derfor v\u00e6lge at &#8220;bo&#8221; p\u00e5 en dansk instans, og stadig kontakte dem, du kender, p\u00e5 andre instanser.<\/p>\r\n<h3>Hurtigt i gang &#8211; for de ut\u00e5lmodige<\/h3>\r\n<p>Nogle vil gerne hurtigt i gang, end at l\u00e6se lange tekster, s\u00e5 her f\u00e5r du lige nogle forslag til din videre f\u00e6rd &#8211; men hvis du vil l\u00e6re mere skal du bare l\u00e6se videre \ud83d\ude09<\/p>\r\n<p>P\u00e5 <a href=\"https:\/\/jointhefediverse.net\/join?lang=en-us\" target=\"_blank\" rel=\"noopener\">JoinTheFediverse<\/a> har de lavet en fed <a href=\"https:\/\/jointhefediverse.net\/join?lang=en-us\" target=\"_blank\" rel=\"noopener\"> oversigt<\/a> over alternativer til de webtjenester, du garanteret allerede enten kender eller bruger. Kan du ikke vente med at komme i gang, s\u00e5 er her et link til vores egen <a href=\"https:\/\/fediverset.dk\/en\/serverliste\/\" target=\"_blank\" rel=\"noopener\">serverliste<\/a> &#8211; den er langt fra komplet, s\u00e5 du kan med fordel ogs\u00e5 kigge p\u00e5 vores #<a href=\"https:\/\/fediverset.dk\/en\/the-fediverse\/danske-sider\/\" target=\"_blank\" rel=\"noopener\">dkfedi<\/a>, hvor du finder andre servere.<\/p>\r\n<p>Skal du have apps til din mobil, s\u00e5 kig p\u00e5 <a href=\"https:\/\/fediverset.dk\/en\/apps\/\">FediDBs-appoversigt<\/a>.<\/p>\r\n<p>Har du lyst til at drive en server i Fediverset, s\u00e5 har vi samlet en side med forskellige muligheder under menupunktet &#8216;<a href=\"https:\/\/fediverset.dk\/en\/the-fediverse\/udvikling\/\">&#8216;Udvikling&#8217;<\/a>.<\/p>\r\n<h3>\u00c5bne protokoller binder det hele sammen<\/h3>\r\n<p>Mastodon er blot \u00e9n ud af mange servere, der snakker sammen via f.eks den \u00e5bne <a href=\"https:\/\/www.w3.org\/TR\/activitypub\/\" target=\"_blank\" rel=\"noopener\">ActivityPub<\/a>-protokol. En protokol angiver et regels\u00e6t, som to eller flere internetservere skal bruge for at kunne kommunikere med hinanden.. Der findes flere \u00e5bne federation-protokoller, men W3Cs ActivityPub er den mest popul\u00e6re pt. (2024). Den vedligeholdes og udvikles af W3C, som du m\u00e5ske ogs\u00e5 kender for at v\u00e6re det standardiseringsorgan, der st\u00e5r bag HTML og CSS-standarderne &#8211; teknikkerne bag det moderne internets layoutmuligheder.\u00a0<\/p>\r\n<p>For at illustrere, hvordan to Fedivers-tjenester snakker sammen, s\u00e5 se billedet herunder. Det ene sk\u00e6rmbillede er fra min profil p\u00e5 en Mastodon-server og det andet er fra min tilsvarende profil p\u00e5 en Friendica-server. Friendica er et socialt medie i stil med Facebook, mens Mastodon som beskrevet i forrige afsnit mest handler om mikroblogging (man kan dog skrive ret lange indll\u00e6g).<\/p>\r\n<p>P\u00e5 billedet har jeg v\u00e6ret en tur rundt i min hjemby Randers. L\u00e6g m\u00e6rke til, hvordan jeg ser det samme opslag, selvom jeg er logget ind p\u00e5 to forskellige tjenester. Det er fordi tjenesterne &#8220;federerer&#8221; (udveksler indhold), s\u00e5 du kan n\u00e5 det samme indhold overalt i Fediverset. Det g\u00e6lder uanset hvilken server, du befinder dig p\u00e5, s\u00e5fremt du kender ophavspersonens Fedivers-profiladresse.<\/p>\r\n<p><img decoding=\"async\" class=\"wp-image-8371 size-large aligncenter\" src=\"https:\/\/fediverset.dk\/wp-content\/uploads\/2025\/08\/mastofriendica-1-1024x496.webp\" alt=\"\" width=\"1024\" height=\"496\" srcset=\"https:\/\/fediverset.dk\/wp-content\/uploads\/2025\/08\/mastofriendica-1-1024x496.webp 1024w, https:\/\/fediverset.dk\/wp-content\/uploads\/2025\/08\/mastofriendica-1-300x145.webp 300w, https:\/\/fediverset.dk\/wp-content\/uploads\/2025\/08\/mastofriendica-1-768x372.webp 768w, https:\/\/fediverset.dk\/wp-content\/uploads\/2025\/08\/mastofriendica-1.webp 1047w\" sizes=\"(max-width: 1024px) 100vw, 1024px\" \/><\/p>\r\n<p>&nbsp;<\/p>\r\n<p>Et andet godt eksempel p\u00e5 Fediversets netv\u00e6rkseffekt stammer fra videoplatformen <a href=\"https:\/\/peertube.dk\" target=\"_blank\" rel=\"noopener\">Peertube.dk<\/a> &#8211; den abonnerer selv p\u00e5 andre Peertube-tjenester. Det betyder, at du som bruger p\u00e5 Peertube.dk har mulighed for at blive pr\u00e6senteret for b\u00e5de Peertube.dks videoer, men <em>ogs\u00e5<\/em> videoer fra de andre Peertube-sites i dit feed.\u00a0<\/p>\r\n<figure id=\"attachment_8633\" aria-describedby=\"caption-attachment-8633\" style=\"width: 674px\" class=\"wp-caption aligncenter\"><img decoding=\"async\" class=\"wp-image-8633 size-full\" src=\"https:\/\/fediverset.dk\/wp-content\/uploads\/2025\/08\/peertube-instanser-e1756466544656.png\" alt=\"\" width=\"674\" height=\"652\" srcset=\"https:\/\/fediverset.dk\/wp-content\/uploads\/2025\/08\/peertube-instanser-e1756466544656.png 674w, https:\/\/fediverset.dk\/wp-content\/uploads\/2025\/08\/peertube-instanser-e1756466544656-300x290.png 300w, https:\/\/fediverset.dk\/wp-content\/uploads\/2025\/08\/peertube-instanser-e1756466544656-525x508.png 525w\" sizes=\"(max-width: 674px) 100vw, 674px\" \/><figcaption id=\"caption-attachment-8633\" class=\"wp-caption-text\">Nogle af de offentlige Peertube-tjenester, som Peertube.dk f\u00f8lger. Det betyder, at deres videoer ogs\u00e5 bliver repr\u00e6senteret i Peertube.dks oversigter.<\/figcaption><\/figure>\r\n<p>&nbsp;<\/p>\r\n<h3>Skift server til enhver tid &#8211; og tag dine f\u00f8lgere med<\/h3>\r\n<p>Fediversets \u00e5bne natur g\u00f8r ogs\u00e5, at du til enhver tid skifte server og tage dine f\u00f8lgere med dig. Ikke noget med at skulle genopstarte sin onlinebekendskabskreds p\u00e5ny, ligesom hvis man sletter sin profil p\u00e5 et af de store, mainstream sociale medier. &#8220;The Fediverse&#8221; er dermed en k\u00e6mpe mods\u00e6tning til det internet, du kender, hvor forskellige IT-giganter gerne vil holde dig inde i deres lukkede forum.<\/p>\r\n<p>Blandt de store multinationale sociale medier, kan du f.eks sj\u00e6ldent kommunikere med folk p\u00e5 konkurrerende platforme. Det svarer til, hvis du kun kunne skrive eller ringe til folk i den boligblok eller vej, du selv bor i\/p\u00e5. Den begr\u00e6nsning ville man normaltvis undre sig over, men af en eller anden grund har IT-omr\u00e5det f\u00e5et s\u00e6rstatus.<\/p>\r\n<h3>Apps. Frit valg p\u00e5 alle hylder!<\/h3>\r\n<p>Der findes masser af andet sp\u00e6ndende <a href=\"https:\/\/fediverset.dk\/en\/software\/\">software<\/a>, der kan koble p\u00e5 &#8220;The Fediverse&#8221;. En enkelt tjeneste kan godt have flere web- og mobilapps, og dermed flere indgange til at kunne bruge tjenesten. Den store valgfrihed kan man godt blive helt rundtosset over, men det styrker mangfoldigheden i dine muligheder, fordi du ikke er bundet af \u00e9n bestemt app. Nogle apps kan endda koble p\u00e5 flere tjenester ad gangen.<\/p>\r\n<h3>Hvem ejer The Fediverse? Hvordan finansieres det hele?<\/h3>\r\n<p>Der er ingen overordnet ejer. S\u00e5 der kommer ingen og dikterer krav og regler. Men naturligvis skal man f\u00f8lge dansk lovgivning og evt. det lands love som ens server befinder sig i.<\/p>\r\n<p>Hver enkelt Fedivers-server fungerer autonomt for sig selv og ejeren kan derfor via softwaren (Mastodon, Pixelfed, Peertube m.fl.) selv bestemme, om serveren er offentligt tilg\u00e6ngelig for alle p\u00e5 &#8220;The Fediverse&#8221; eller om den skal holdes privat, og ikke federere med resten af netv\u00e6rket. Det sidste kan give mening, hvis man beslutter at drive en Mastodon-server for en sluttet kreds, sin familie, sin arbejdsplads, en forening, osv.<\/p>\r\n<p>I forhold til \u00f8konomi, s\u00e5 er det helt op til den enkelte server-ejer, hvordan de driver deres tjeneste. Nogle stiller tjenesten til r\u00e5dighed gratis, andre tager imod donationer eller et fast, betalt medlemsskab.<\/p>\r\n<h3>Hvordan kommer jeg i gang?<\/h3>\r\n<p>Du beh\u00f8ver s\u00e5dan set ikke andet end din internetbrowser til at starte med. Langt de fleste Fedivers-servere tilbyder brugeroprettelse via alm. websider. N\u00e5r du s\u00e5 har oprettet dig, kan du supplere med en af de mange mobilapps, der findes. En del af dem ligger allerede i mobilproducenternes respektive App Stores.<\/p>\r\n<p>Hvis dit m\u00e5l er at opleve den danske del af Fediverset og kommunikere med danske eller udenlandske brugere, s\u00e5 vil jeg opfordre dig til at kigge p\u00e5 Fediverset.dks danske temaside <a href=\"https:\/\/fediverset.dk\/en\/the-fediverse\/danske-sider\/\" target=\"_blank\" rel=\"noopener\">#dkfedi<\/a>, og s\u00e5 udv\u00e6lge en af de danske Fedivers-instanser, der findes, f.eks fra <a href=\"https:\/\/fediverset.dk\/en\/serverliste\/\">Fediverset.dks serverliste<\/a>. Det kan v\u00e6re en fordel at v\u00e6lge nogle af de mest aktive, men husk, at du stadig kan kommunikere med folk fra andre instanser, bare du har deres Fediverse-id, s\u00e5 du er ikke &#8220;stavnsbundet&#8221; til den server, du oprettede dig p\u00e5. Du kan altid flytte din bruger over p\u00e5 en anden server, og tage dine f\u00f8lgere med.<\/p>\r\n<p>Oplever du dit feed som lidt kedeligt, s\u00e5 pr\u00f8v at s\u00f8ge p\u00e5 profiler, der matcher dine interesser. Det kan du g\u00f8re via s\u00f8gefelterne i dine apps. Du kan s\u00f8ge p\u00e5 enten stikord eller #tags &#8211; alternativt kan du kigge i FediDBs <a href=\"https:\/\/fedidb.com\/accounts\" target=\"_blank\" rel=\"noopener\">profil-<\/a>indeks.<\/p>\r\n<p>N\u00e5r du s\u00e5 er oprettet, kan du f\u00f8lge nogle af de personer, der findes p\u00e5 den server, du er oprettet p\u00e5, og s\u00e5 er du faktisk i gang.<\/p>\r\n<p>God forn\u00f8jelse &#8211; vi ses i Fediverset! \ud83d\ude42<\/p>\r\n<p>\/Simon<\/p>","protected":false},"excerpt":{"rendered":"<p>&#8220;The Fediverse&#8221; (p\u00e5 dansk Fediverset eller F\u00f8diverset) er et verdensomsp\u00e6ndende f\u00e6llesskab af decentrale, \u00e5bne servere, typisk drevet af privatpersoner, og mindre og mellemstore virksomheder. Og &hellip; <\/p>","protected":false},"author":1,"featured_media":0,"parent":0,"menu_order":0,"comment_status":"closed","ping_status":"closed","template":"","meta":{"_acf_changed":false,"footnotes":""},"class_list":["post-2731","page","type-page","status-publish","hentry"],"acf":[],"_links":{"self":[{"href":"https:\/\/fediverset.dk\/en\/wp-json\/wp\/v2\/pages\/2731","targetHints":{"allow":["GET"]}}],"collection":[{"href":"https:\/\/fediverset.dk\/en\/wp-json\/wp\/v2\/pages"}],"about":[{"href":"https:\/\/fediverset.dk\/en\/wp-json\/wp\/v2\/types\/page"}],"author":[{"embeddable":true,"href":"https:\/\/fediverset.dk\/en\/wp-json\/wp\/v2\/users\/1"}],"replies":[{"embeddable":true,"href":"https:\/\/fediverset.dk\/en\/wp-json\/wp\/v2\/comments?post=2731"}],"version-history":[{"count":1,"href":"https:\/\/fediverset.dk\/en\/wp-json\/wp\/v2\/pages\/2731\/revisions"}],"predecessor-version":[{"id":52802,"href":"https:\/\/fediverset.dk\/en\/wp-json\/wp\/v2\/pages\/2731\/revisions\/52802"}],"wp:attachment":[{"href":"https:\/\/fediverset.dk\/en\/wp-json\/wp\/v2\/media?parent=2731"}],"curies":[{"name":"wp","href":"https:\/\/api.w.org\/{rel}","templated":true}]}}